{"id":1161,"date":"2022-02-02T20:21:31","date_gmt":"2022-02-03T02:21:31","guid":{"rendered":"https:\/\/newtheadvocatescom.local\/sobre-nosotros\/"},"modified":"2023-12-28T13:18:41","modified_gmt":"2023-12-28T19:18:41","slug":"about-us","status":"publish","type":"page","link":"https:\/\/www.theadvocates.com\/es\/sobre-nosotros\/","title":{"rendered":"Sobre Nosotros"},"content":{"rendered":"<p>Esta es una prueba<\/p>\n","protected":false},"excerpt":{"rendered":"<p>Esta es una prueba<\/p>\n","protected":false},"author":1,"featured_media":0,"parent":0,"menu_order":0,"comment_status":"closed","ping_status":"closed","template":"","meta":{"_acf_changed":false,"footnotes":""},"categories":[],"tags":[],"class_list":["post-1161","page","type-page","status-publish","hentry"],"acf":{"section_1_h1":"Nuestros comienzos","section_1_p":"La historia de The Advocates comienza en 1992, cuando el fundador Matt Driggs empez\u00f3 a ejercer la abogac\u00eda en el \u00e1rea de Salt Lake City. Inicialmente, su pr\u00e1ctica se centr\u00f3 en m\u00faltiples \u00e1reas de la ley, incluyendo lesiones personales y la planificaci\u00f3n del patrimonio.","section_1_p2":"Cuando Matt vio la diferencia en el mundo real que era capaz de hacer para las v\u00edctimas de lesiones, opt\u00f3 por centrarse exclusivamente en la ley de lesiones personales. Le result\u00f3 gratificante ayudar a las personas necesitadas durante su recuperaci\u00f3n.","section_1_img":1646,"section_2_h2":"Crecimiento","section_2_p":"En 1998 y 2000, The Advocates se expandi\u00f3 contratando a los abogados Kenneth Bills y Steven Day como socios directores Crearon una nueva firma llamada Driggs, Bills y Day PC, aunque mantuvieron la marca The Advocates. . El enfoque del bufete era el derecho de lesiones personales y de responsabilidad por productos defectuosos.","section_2_p2":"A lo largo de los a\u00f1os siguientes, The Advocates se hizo cargo de varios casos importantes de responsabilidad civil por productos, ayudando a clientes lesionados por medicamentos defectuosos y otros productos m\u00e9dicos. La demanda de los servicios de The Advocates creci\u00f3 y el bufete abri\u00f3 docenas de oficinas en el oeste de Estados Unidos, en ciudades de Utah, Washington, Montana, Idaho, Wyoming, Nebraska y Oreg\u00f3n.","section_2_img":2710,"section_3_h2":"The Advocates en la actualidad","section_3_p":"Ahora, The Advocates es reconocido por ser uno de los bufetes de abogados m\u00e1s prestigiosos de los Estados Unidos. Nuestros abogados han sido reconocidos por su excelente trabajo a trav\u00e9s de numerosos premios, incluyendo una calificaci\u00f3n AV de Martindale Hubbell, distinciones de Super Lawyers, y de varias revistas de negocios. . Los logros de The Advocates fueron incluso reconocidos por Inc. Magazine, cuando la empresa fue incluida en su lista anual de Empresas de Mayor Crecimiento.\nA lo largo de todo el crecimiento y la expansi\u00f3n, The Advocates nunca ha perdido de vista los dos principios m\u00e1s importantes de nuestra firma: nuestra misi\u00f3n como abogados y nuestra promesa a nuestros clientes.","section_3_p2":"Nuestra misi\u00f3n:\nNuestra misi\u00f3n: En The Advocates, nuestro objetivo es ayudar a las v\u00edctimas de accidentes asegur\u00e1ndonos de que se sientan completamente escuchados y comprendidos durante todo el proceso de reclamaci\u00f3n. Entendemos que su caso de lesiones personales es verdaderamente personal y sabemos que sus necesidades despu\u00e9s de un accidente son tan \u00fanicas como usted. Nuestra misi\u00f3n es crear una experiencia de recuperaci\u00f3n personalizada, compasiva y libre de estr\u00e9s para cada uno de nuestros clientes.\n\nNuestra promesa para usted:\nCada miembro del equipo legal de The Advocates promete ponerlo en primer lugar y velar por usted en cada paso del proceso de reclamaci\u00f3n. Nuestros competentes y experimentados abogados luchar\u00e1n por sus mejores intereses, porque nuestro objetivo es el mismo que el suyo: obtener el mejor acuerdo posible. \n","section_3_img":1648,"section_4_h2":"Mirando al futuro","section_4_p":"Tras d\u00e9cadas de crecimiento en todo el oeste de Estados Unidos, los planes de The Advocates para los pr\u00f3ximos a\u00f1os incluyen profundizar y fortalecer las conexiones dentro de las comunidades a las que ya servimos. ","section_4_p2":"Seguiremos estableciendo relaciones con empresas locales, como quiropr\u00e1cticos, talleres de carrocer\u00eda y fisioterapeutas, con el fin de crear una red de proveedores de confianza para su recuperaci\u00f3n. Seguiremos invirtiendo en nuestras comunidades a trav\u00e9s de la divulgaci\u00f3n y el servicio, para poner nuestro granito de arena en hacer que las zonas donde vivimos y trabajamos sean lo mejor posible. Y sobre todo, seguiremos esforz\u00e1ndonos por hacer siempre lo correcto por los clientes que nos conf\u00edan su recuperaci\u00f3n. ","section_4_img":1650,"select_menu":"main-menu"},"_links":{"self":[{"href":"https:\/\/www.theadvocates.com\/es\/wp-json\/wp\/v2\/pages\/1161","targetHints":{"allow":["GET"]}}],"collection":[{"href":"https:\/\/www.theadvocates.com\/es\/wp-json\/wp\/v2\/pages"}],"about":[{"href":"https:\/\/www.theadvocates.com\/es\/wp-json\/wp\/v2\/types\/page"}],"author":[{"embeddable":true,"href":"https:\/\/www.theadvocates.com\/es\/wp-json\/wp\/v2\/users\/1"}],"replies":[{"embeddable":true,"href":"https:\/\/www.theadvocates.com\/es\/wp-json\/wp\/v2\/comments?post=1161"}],"version-history":[{"count":0,"href":"https:\/\/www.theadvocates.com\/es\/wp-json\/wp\/v2\/pages\/1161\/revisions"}],"wp:attachment":[{"href":"https:\/\/www.theadvocates.com\/es\/wp-json\/wp\/v2\/media?parent=1161"}],"wp:term":[{"taxonomy":"category","embeddable":true,"href":"https:\/\/www.theadvocates.com\/es\/wp-json\/wp\/v2\/categories?post=1161"},{"taxonomy":"post_tag","embeddable":true,"href":"https:\/\/www.theadvocates.com\/es\/wp-json\/wp\/v2\/tags?post=1161"}],"curies":[{"name":"wp","href":"https:\/\/api.w.org\/{rel}","templated":true}]}}