{"id":5519,"date":"2022-09-13T22:03:04","date_gmt":"2022-09-14T04:03:04","guid":{"rendered":"https:\/\/theadvocates.local\/1863-2\/"},"modified":"2023-12-15T09:20:03","modified_gmt":"2023-12-15T15:20:03","slug":"1863-2","status":"publish","type":"page","link":"https:\/\/www.theadvocates.com\/es\/beca-academica\/","title":{"rendered":"Beca Academica"},"content":{"rendered":"<p><img loading=\"lazy\" decoding=\"async\" class=\"size-large wp-image-2702 w75 d-block mx-auto aligncenter\" src=\"https:\/\/www.theadvocates.comwp-content\/uploads\/2022\/09\/Scholrshp-1024x457.png\" alt=\"\" width=\"800\" height=\"357\" srcset=\"https:\/\/www.theadvocates.com\/wp-content\/uploads\/2022\/09\/Scholrshp-1024x457.png 1024w, https:\/\/www.theadvocates.com\/wp-content\/uploads\/2022\/09\/Scholrshp-300x134.png 300w, https:\/\/www.theadvocates.com\/wp-content\/uploads\/2022\/09\/Scholrshp-768x343.png 768w, https:\/\/www.theadvocates.com\/wp-content\/uploads\/2022\/09\/Scholrshp-211x94.png 211w, https:\/\/www.theadvocates.com\/wp-content\/uploads\/2022\/09\/Scholrshp.png 1382w\" sizes=\"auto, (max-width: 800px) 100vw, 800px\" \/><\/p>\n<p style=\"text-align: left;\">Aqu\u00ed en Advocates, estamos comprometidos a mejorarnos a nosotros mismos y a nuestra comunidad. Una de las mejores maneras de hacerlo es a trav\u00e9s de la educaci\u00f3n continua. Entendemos que obtener un t\u00edtulo de educaci\u00f3n superior puede suponer una tremenda presi\u00f3n financiera tanto para los estudiantes de derecho como para sus familias. Para ayudar con los costos de asistir a la facultad de derecho, ofrecemos la Beca Advocates.<\/p>\n<p style=\"text-align: left;\">Para obtener m\u00e1s informaci\u00f3n sobre qu\u00e9 incluir en el ensayo que env\u00eda a Los Advocates, visite nuestra p\u00e1gina de abogados de accidentes automovil\u00edsticos.<\/p>\n<h2 style=\"text-align: left;\">Elegibilidad para becas:<\/h2>\n<ul style=\"text-align: left;\">\n<li>S\u00edganos en una de nuestras p\u00e1ginas de redes sociales. Instagram, Facebook, Tiktok o Linkedin.<\/li>\n<li>Todos los estudiantes actuales o potenciales matriculados en una universidad o colegio acreditado ubicado dentro de los Estados Unidos pueden presentar una solicitud.<\/li>\n<\/ul>\n<h2 style=\"text-align: left;\">Fecha l\u00edmite de beca:<\/h2>\n<ul style=\"text-align: left;\">\n<li>La beca se ofrece cada dos a\u00f1os. Los plazos bianuales son:<\/li>\n<li>Per\u00edodo de oto\u00f1o: 31 de enero<\/li>\n<li>Per\u00edodo de primavera: 30 de junio<\/li>\n<\/ul>\n<h2 style=\"text-align: left;\">Monto de la beca:<\/h2>\n<ul style=\"text-align: left;\">\n<li>$1000 ofrecidos cada dos a\u00f1os<\/li>\n<\/ul>\n<h2 style=\"text-align: left;\">Aplicaci\u00f3n de beca:<\/h2>\n<ul style=\"text-align: left;\">\n<li>Escriba un ensayo de 300 a 500 palabras sobre el siguiente tema:\n<p>\u00bfCu\u00e1l es la causa m\u00e1s com\u00fan de accidentes automovil\u00edsticos? \u00bfC\u00f3mo se pueden prevenir accidentes de este tipo en el futuro? \u00bfQu\u00e9 pr\u00e1cticas puede realizar usted personalmente para promover la conducci\u00f3n segura entre su familia y sus compa\u00f1eros?<\/p>\n<p>&nbsp;<\/li>\n<li>Los ensayos deben seguir un formato b\u00e1sico de ensayo y p\u00e1rrafo que incluya una introducci\u00f3n con una declaraci\u00f3n de tesis, p\u00e1rrafos del cuerpo y una conclusi\u00f3n. Debe incluirse bibliograf\u00eda.<\/li>\n<\/ul>\n<h2 style=\"text-align: left;\">T\u00e9rminos y condiciones de la beca:<\/h2>\n<ul style=\"text-align: left;\">\n<li style=\"list-style-type: none;\">\n<ul>\n<li>Al enviar su ensayo, acepta nuestros t\u00e9rminos, es decir, todos los derechos de propiedad de los Advocates, independientemente de si usted es seleccionado como beneficiario de la beca o no. Nos reservamos el derecho de volver a publicar todos los ensayos enviados.<\/li>\n<li>No proporcionaremos esta informaci\u00f3n a ning\u00fan tercero. Tu nombre y el nombre de tu escuela podr\u00e1n ser utilizados si eres seleccionado como ganador del premio, o si eres parte de nuestras menciones honor\u00edficas.<\/li>\n<li>Si no completa toda la informaci\u00f3n necesaria, perder\u00e1 su consideraci\u00f3n para esta beca.<\/li>\n<li>Como se mencion\u00f3 anteriormente, si usted es seleccionado como ganador del premio, nos comunicaremos con usted por correo electr\u00f3nico o por tel\u00e9fono y el premio se enviar\u00e1 a su instituci\u00f3n acreditada.<\/li>\n<li>Si es seleccionado como ganador de la beca, nos comunicaremos con usted para incluir una foto de perfil con su beca en nuestra p\u00e1gina de becas.<\/li>\n<li>IMPORTANTE: Es posible que pasen varias semanas despu\u00e9s de la fecha l\u00edmite hasta que leamos todas las entradas y seleccionemos un ganador. Mientras tanto, no llame ni utilice la funci\u00f3n de chat en vivo para consultar sobre su entrada. Estas l\u00edneas de contacto van directamente a los abogados y son solo para consultas de casos de lesiones. Si es seleccionado como ganador, The Advocates se comunicar\u00e1 con usted por tel\u00e9fono o correo electr\u00f3nico y el dinero se enviar\u00e1 directamente a su instituci\u00f3n.<\/li>\n<\/ul>\n<\/li>\n<\/ul>\n<p style=\"text-align: left;\"><strong>Para obtener informaci\u00f3n adicional y consejos sobre qu\u00e9 incluir en el ensayo que env\u00eda, visite nuestra p\u00e1gina sobre accidentes automovil\u00edsticos, que puede encontrar aqu\u00ed: <a href=\"\/services\/car-accident-lawyer\/\">car accident attorney<\/a><\/strong>\u00a0page.<\/p>\n<h2 style=\"text-align: left;\">Conozca a nuestra ganadora de la beca del verano 2023 &#8211; Morgan Madsen<\/h2>\n<figure id=\"attachment_4975\" aria-describedby=\"caption-attachment-4975\" style=\"width: 200px\" class=\"wp-caption alignnone\"><img loading=\"lazy\" decoding=\"async\" class=\"wp-image-4975 size-medium\" src=\"https:\/\/www.theadvocates.com\/wp-content\/uploads\/2023\/07\/IMG_9073-200x300.jpg\" alt=\"\" width=\"200\" height=\"300\" srcset=\"https:\/\/www.theadvocates.com\/wp-content\/uploads\/2023\/07\/IMG_9073-200x300.jpg 200w, https:\/\/www.theadvocates.com\/wp-content\/uploads\/2023\/07\/IMG_9073-683x1024.jpg 683w, https:\/\/www.theadvocates.com\/wp-content\/uploads\/2023\/07\/IMG_9073-768x1152.jpg 768w, https:\/\/www.theadvocates.com\/wp-content\/uploads\/2023\/07\/IMG_9073-1024x1536.jpg 1024w, https:\/\/www.theadvocates.com\/wp-content\/uploads\/2023\/07\/IMG_9073-1365x2048.jpg 1365w, https:\/\/www.theadvocates.com\/wp-content\/uploads\/2023\/07\/IMG_9073-63x94.jpg 63w, https:\/\/www.theadvocates.com\/wp-content\/uploads\/2023\/07\/IMG_9073-scaled.jpg 1706w\" sizes=\"auto, (max-width: 200px) 100vw, 200px\" \/><figcaption id=\"caption-attachment-4975\" class=\"wp-caption-text\">Verano 2023 &#8211; Ganadora Morgan Madsen<\/figcaption><\/figure>\n<p>&nbsp;<\/p>\n<p style=\"text-align: left;\">&#8220;Earlier this month, my friends and I went on a road trip to Montana.\u00a0 On the border of Northern\u00a0 Idaho, we stopped for gas.\u00a0 My roommate Leo, a Montana native, warned the drivers of both vehicles that the next stretch could be dangerous as the light would bellow and the winding canyons would be full of deer.&#8221; Just take it slow and stay alert,&#8221; was the warning.&#8221;<\/p>\n<p style=\"text-align: left;\"><a href=\"https:\/\/www.theadvocates.com\/wp-content\/uploads\/wpforms\/1864-d69e6f81df82f872c1d335f5c67f676e\/Advocates-Scholarship-2023-FINAL-cc3c596638737a9ea28aaa9682f9d47a.pdf\">Read More<\/a><\/p>\n<h3 style=\"text-align: left;\"><em>Please submit your information and essay in the form below.<\/em><\/h3>\n<div class=\"row justify-content-center\">\n<div class=\"col-md-8\" style=\"text-align: left;\"><div class=\"wpforms-container wpforms-container-full\" id=\"wpforms-1864\"><form id=\"wpforms-form-1864\" class=\"wpforms-validate wpforms-form\" data-formid=\"1864\" method=\"post\" enctype=\"multipart\/form-data\" action=\"\/es\/wp-json\/wp\/v2\/pages\/5519?wpforms_form_id=1864\" data-token=\"485b93f89cbeb581ca4279b19f20ec96\" data-token-time=\"1776288009\"><noscript class=\"wpforms-error-noscript\">Por favor, activa JavaScript en tu navegador para completar este formulario.<\/noscript><div class=\"wpforms-field-container\"><div id=\"wpforms-1864-field_1-container\" class=\"wpforms-field wpforms-field-text\" data-field-id=\"1\"><label class=\"wpforms-field-label\" for=\"wpforms-1864-field_1\">Full Name <span class=\"wpforms-required-label\">*<\/span><\/label><input type=\"text\" id=\"wpforms-1864-field_1\" class=\"wpforms-field-large wpforms-field-required\" name=\"wpforms[fields][1]\" required><\/div><div id=\"wpforms-1864-field_2-container\" class=\"wpforms-field wpforms-field-text\" data-field-id=\"2\"><label class=\"wpforms-field-label\" for=\"wpforms-1864-field_2\">Name of School <span class=\"wpforms-required-label\">*<\/span><\/label><input type=\"text\" id=\"wpforms-1864-field_2\" class=\"wpforms-field-large wpforms-field-required\" name=\"wpforms[fields][2]\" required><\/div><div id=\"wpforms-1864-field_5-container\" class=\"wpforms-field wpforms-field-text\" data-field-id=\"5\"><label class=\"wpforms-field-label\" for=\"wpforms-1864-field_5\">Phone <span class=\"wpforms-required-label\">*<\/span><\/label><input type=\"text\" id=\"wpforms-1864-field_5\" class=\"wpforms-field-large wpforms-field-required\" name=\"wpforms[fields][5]\" required><\/div><div id=\"wpforms-1864-field_4-container\" class=\"wpforms-field wpforms-field-text\" data-field-id=\"4\"><label class=\"wpforms-field-label\" for=\"wpforms-1864-field_4\">Email <span class=\"wpforms-required-label\">*<\/span><\/label><input type=\"text\" id=\"wpforms-1864-field_4\" class=\"wpforms-field-large wpforms-field-required\" name=\"wpforms[fields][4]\" required><\/div><div id=\"wpforms-1864-field_3-container\" class=\"wpforms-field wpforms-field-text\" data-field-id=\"3\"><label class=\"wpforms-field-label\" for=\"wpforms-1864-field_3\">Student ID<\/label><input type=\"text\" id=\"wpforms-1864-field_3\" class=\"wpforms-field-large\" name=\"wpforms[fields][3]\" ><\/div><div id=\"wpforms-1864-field_6-container\" class=\"wpforms-field wpforms-field-file-upload\" data-field-id=\"6\"><label class=\"wpforms-field-label\" for=\"wpforms-1864-field_6\">File Upload<\/label><div\n\t\tclass=\"wpforms-uploader \"\n\t\tdata-field-id=\"6\"\n\t\tdata-form-id=\"1864\"\n\t\tdata-input-name=\"wpforms_1864_6\"\n\t\tdata-extensions=\"class,json,doc,psd,xcf,onepkg,onetoc,onetoc2,oxps,pdf,rar,rtf,key,numbers,pages,xla,xls,xlt,xlw,xlam,xlsb,xlsm,xltm,pot,pps,ppt,ppam,pptm,sldm,ppsm,potm,mpp,docm,dotm,wri,xps,odc,odb,odf,odg,odp,ods,odt,pptx,sldx,ppsx,potx,xlsx,xltx,docx,dotx,wp,wpd,7z,gz,gzip,tar,zip,aac,flac,mid,midi,m4a,m4b,mp3,oga,ogg,wav,x-wav,mka,wax,wma,ra,ram,avif,bmp,gif,heic,heics,heif,heifs,jpe,jpeg,jpg,png,tif,tiff,webp,ico,ics,css,csv,asc,c,cc,h,srt,txt,rtx,tsv,vtt,3gp,3gpp,3g2,3gp2,avi,divx,m4v,mp4,mpe,mpeg,mpg,ogv,mov,qt,webm,mkv,asf,asx,wm,wmv,wmx\"\n\t\tdata-max-size=\"268435456\"\n\t\tdata-max-file-number=\"1\"\n\t\tdata-post-max-size=\"268435456\"\n\t\tdata-max-parallel-uploads=\"4\"\n\t\tdata-parallel-uploads=\"true\"\n\t\tdata-file-chunk-size=\"2097152\">\n\t<div class=\"dz-message\">\n\t\t<svg  viewBox=\"0 0 640 640\" focusable=\"false\" data-icon=\"inbox\" width=\"50px\" height=\"50px\" fill=\"currentColor\" aria-hidden=\"true\">\n\t\t\t<path d=\"M352 173.3L352 384C352 401.7 337.7 416 320 416C302.3 416 288 401.7 288 384L288 173.3L246.6 214.7C234.1 227.2 213.8 227.2 201.3 214.7C188.8 202.2 188.8 181.9 201.3 169.4L297.3 73.4C309.8 60.9 330.1 60.9 342.6 73.4L438.6 169.4C451.1 181.9 451.1 202.2 438.6 214.7C426.1 227.2 405.8 227.2 393.3 214.7L352 173.3zM320 464C364.2 464 400 428.2 400 384L480 384C515.3 384 544 412.7 544 448L544 480C544 515.3 515.3 544 480 544L160 544C124.7 544 96 515.3 96 480L96 448C96 412.7 124.7 384 160 384L240 384C240 428.2 275.8 464 320 464zM464 488C477.3 488 488 477.3 488 464C488 450.7 477.3 440 464 440C450.7 440 440 450.7 440 464C440 477.3 450.7 488 464 488z\"\/>\n\t\t<\/svg>\n\n\t\t<span class=\"modern-title\">\n\t\t\t\t\t\t\tDrag &amp; Drop Files, \t\t\t\t<span>Choose Files to Upload<\/span>\n\t\t\t\t\t<\/span>\n\n\t\t\t<\/div>\n<\/div>\n\n<input\n\t\ttype=\"text\"\n\t\tautocomplete=\"off\"\n\t\treadonly\n\t\tclass=\"dropzone-input\"\n\t\tstyle=\"position:absolute!important;clip:rect(0,0,0,0)!important;height:1px!important;width:1px!important;border:0!important;overflow:hidden!important;padding:0!important;margin:0!important;\"\n\t\tid=\"wpforms-1864-field_6\"\n\t\tname=\"wpforms_1864_6\" \t\tvalue=\"\">\n<\/div><div id=\"wpforms-1864-field_7-container\" class=\"wpforms-field wpforms-field-html\" data-field-id=\"7\"><div id=\"wpforms-1864-field_7\"><small><em style=\"font-size:13px;\">Al hacer clic en el bot\u00f3n a continuaci\u00f3n, consiento en proporcionar mi informaci\u00f3n a Los Advocates Injury Attorneys y acepto todas las pol\u00edticas de privacidad que se incluyen en <a href=\"https:\/\/theadvocatestg.wpengine.com\/text-privacy-policy\/\" target=\"_blank\" rel=\"noopener\"> esta p\u00e1gina <\/a>. Acepto recibir llamadas y mensajes de texto. Pueden aplicarse tarifas por mensajes y datos. Los Advocates no venden su informaci\u00f3n a terceros.<\/em>\n<\/small><\/div><\/div><\/div><!-- .wpforms-field-container --><div class=\"wpforms-field wpforms-field-hp\"><label for=\"wpforms-1864-field-hp\" class=\"wpforms-field-label\">Website<\/label><input type=\"text\" name=\"wpforms[hp]\" id=\"wpforms-1864-field-hp\" class=\"wpforms-field-medium\"><\/div><div class=\"wpforms-submit-container\" ><input type=\"hidden\" name=\"wpforms[id]\" value=\"1864\"><input type=\"hidden\" name=\"page_title\" value=\"\"><input type=\"hidden\" name=\"page_url\" value=\"https:\/\/www.theadvocates.com\/es\/wp-json\/wp\/v2\/pages\/5519\"><input type=\"hidden\" name=\"url_referer\" value=\"\"><button type=\"submit\" name=\"wpforms[submit]\" id=\"wpforms-submit-1864\" class=\"wpforms-submit\" data-alt-text=\"Sending...\" data-submit-text=\"Submit\" aria-live=\"assertive\" value=\"wpforms-submit\">Submit<\/button><\/div><\/form><\/div>  <!-- .wpforms-container --><\/div>\n<\/div>\n","protected":false},"excerpt":{"rendered":"<p>Aqu\u00ed en Advocates, estamos comprometidos a mejorarnos a nosotros mismos y a nuestra comunidad. Una de las mejores maneras de hacerlo es a trav\u00e9s de la educaci\u00f3n continua. Entendemos que obtener un t\u00edtulo de educaci\u00f3n superior puede suponer una tremenda presi\u00f3n financiera tanto para los estudiantes de derecho como para sus familias. Para ayudar con [&hellip;]<\/p>\n","protected":false},"author":1,"featured_media":2677,"parent":0,"menu_order":0,"comment_status":"closed","ping_status":"closed","template":"page.php","meta":{"_acf_changed":false,"footnotes":""},"categories":[],"tags":[],"class_list":["post-5519","page","type-page","status-publish","has-post-thumbnail","hentry"],"acf":[],"_links":{"self":[{"href":"https:\/\/www.theadvocates.com\/es\/wp-json\/wp\/v2\/pages\/5519","targetHints":{"allow":["GET"]}}],"collection":[{"href":"https:\/\/www.theadvocates.com\/es\/wp-json\/wp\/v2\/pages"}],"about":[{"href":"https:\/\/www.theadvocates.com\/es\/wp-json\/wp\/v2\/types\/page"}],"author":[{"embeddable":true,"href":"https:\/\/www.theadvocates.com\/es\/wp-json\/wp\/v2\/users\/1"}],"replies":[{"embeddable":true,"href":"https:\/\/www.theadvocates.com\/es\/wp-json\/wp\/v2\/comments?post=5519"}],"version-history":[{"count":0,"href":"https:\/\/www.theadvocates.com\/es\/wp-json\/wp\/v2\/pages\/5519\/revisions"}],"wp:featuredmedia":[{"embeddable":true,"href":"https:\/\/www.theadvocates.com\/es\/wp-json\/wp\/v2\/media\/2677"}],"wp:attachment":[{"href":"https:\/\/www.theadvocates.com\/es\/wp-json\/wp\/v2\/media?parent=5519"}],"wp:term":[{"taxonomy":"category","embeddable":true,"href":"https:\/\/www.theadvocates.com\/es\/wp-json\/wp\/v2\/categories?post=5519"},{"taxonomy":"post_tag","embeddable":true,"href":"https:\/\/www.theadvocates.com\/es\/wp-json\/wp\/v2\/tags?post=5519"}],"curies":[{"name":"wp","href":"https:\/\/api.w.org\/{rel}","templated":true}]}}