{"id":5814,"date":"2022-05-20T17:17:29","date_gmt":"2022-05-20T23:17:29","guid":{"rendered":"https:\/\/theadvocates.local\/?page_id=5814"},"modified":"2023-12-14T14:42:37","modified_gmt":"2023-12-14T20:42:37","slug":"disclaimer","status":"publish","type":"page","link":"https:\/\/www.theadvocates.com\/es\/disclaimer\/","title":{"rendered":"Informaci\u00f3n sobre Tarifas Contingentes y Avisos Legales"},"content":{"rendered":"<h2>\u00bfQu\u00e9 son las tarifas contingentes?<\/h2>\n<p>En Los Advocates, nuestros abogados de lesiones personales solo se les paga si ganamos y usted recibe compensaci\u00f3n por sus lesiones. No hay costo alguno para discutir su caso potencial, ya que la consulta inicial es gratuita. Tampoco hay un costo inicial para comenzar su caso. Adelantamos estos costos sin intereses para ayudar a maximizar el valor de su reclamo y aliviar cualquier carga financiera para usted. Los honorarios legales se calculan como un porcentaje de lo que usted recupera antes de deducir los gastos legales y los costos. Estos honorarios se deducir\u00e1n de su acuerdo o premio despu\u00e9s de la finalizaci\u00f3n exitosa de su caso.<\/p>\n<h2>\u00bfC\u00f3mo se pagan las v\u00edctimas y los abogados si se gana el caso?<\/h2>\n<p>La mayor\u00eda de las reclamaciones por lesiones se resuelven mediante un acuerdo extrajudicial, a menudo con una compa\u00f1\u00eda de seguros. Tambi\u00e9n hay casos que van a juicio y resultan en un jurado otorgando compensaci\u00f3n. Una vez que su caso se resuelva, revisaremos su premio de compensaci\u00f3n con usted y le explicaremos c\u00f3mo se cubrir\u00e1n nuestros costos.<\/p>\n<h2>No hay relaci\u00f3n abogado-cliente ni asesoramiento legal sin acuerdo firmado<\/h2>\n<p>Esta informaci\u00f3n no pretende ser asesoramiento legal y no debe considerarse equivalente a hablar con un abogado. Esta informaci\u00f3n no tiene la intenci\u00f3n de crear, y la recepci\u00f3n o visualizaci\u00f3n no constituye una relaci\u00f3n abogado-cliente.<\/p>\n<h2>Sin garant\u00eda de resultados<\/h2>\n<p>Los resultados pasados no garantizan resultados futuros. Cada caso es diferente y debe juzgarse por sus propios m\u00e9ritos.<\/p>\n","protected":false},"excerpt":{"rendered":"<p>\u00bfQu\u00e9 son las tarifas contingentes? En Los Advocates, nuestros abogados de lesiones personales solo se les paga si ganamos y usted recibe compensaci\u00f3n por sus lesiones. No hay costo alguno para discutir su caso potencial, ya que la consulta inicial es gratuita. Tampoco hay un costo inicial para comenzar su caso. Adelantamos estos costos sin [&hellip;]<\/p>\n","protected":false},"author":1,"featured_media":0,"parent":0,"menu_order":0,"comment_status":"closed","ping_status":"closed","template":"","meta":{"_acf_changed":false,"footnotes":""},"categories":[],"tags":[],"class_list":["post-5814","page","type-page","status-publish","hentry"],"acf":[],"_links":{"self":[{"href":"https:\/\/www.theadvocates.com\/es\/wp-json\/wp\/v2\/pages\/5814","targetHints":{"allow":["GET"]}}],"collection":[{"href":"https:\/\/www.theadvocates.com\/es\/wp-json\/wp\/v2\/pages"}],"about":[{"href":"https:\/\/www.theadvocates.com\/es\/wp-json\/wp\/v2\/types\/page"}],"author":[{"embeddable":true,"href":"https:\/\/www.theadvocates.com\/es\/wp-json\/wp\/v2\/users\/1"}],"replies":[{"embeddable":true,"href":"https:\/\/www.theadvocates.com\/es\/wp-json\/wp\/v2\/comments?post=5814"}],"version-history":[{"count":0,"href":"https:\/\/www.theadvocates.com\/es\/wp-json\/wp\/v2\/pages\/5814\/revisions"}],"wp:attachment":[{"href":"https:\/\/www.theadvocates.com\/es\/wp-json\/wp\/v2\/media?parent=5814"}],"wp:term":[{"taxonomy":"category","embeddable":true,"href":"https:\/\/www.theadvocates.com\/es\/wp-json\/wp\/v2\/categories?post=5814"},{"taxonomy":"post_tag","embeddable":true,"href":"https:\/\/www.theadvocates.com\/es\/wp-json\/wp\/v2\/tags?post=5814"}],"curies":[{"name":"wp","href":"https:\/\/api.w.org\/{rel}","templated":true}]}}